{"id":2419,"date":"2018-03-02T13:16:42","date_gmt":"2018-03-02T13:16:42","guid":{"rendered":"https:\/\/prowess.qodeinteractive.com\/?page_id=2419"},"modified":"2026-04-19T10:04:16","modified_gmt":"2026-04-19T10:04:16","slug":"privatni-treninzi","status":"publish","type":"page","link":"https:\/\/fitphysique.hr\/index.php\/elements\/privatni-treninzi\/","title":{"rendered":"Privatni treninzi"},"content":{"rendered":"<div class=\"wpb-content-wrapper\"><p>[vc_row row_content_width=&#8221;grid&#8221; enable_grid_lines=&#8221;&#8221;][vc_column offset=&#8221;vc_col-lg-offset-2 vc_col-lg-8&#8243; css=&#8221;.vc_custom_1726385935915{margin-bottom: -60px !important;}&#8221;]<div class=\"qodef-section-title-holder  qodef-tn-position-center \" style=\"text-align: center\">\n\t<div class=\"qodef-st-inner\">\n\t\t\t\t\t<h2 class=\"qodef-st-title\" >\n\t\t\t\tMalo o treninzima\t\t\t<\/h2>\n\t\t        \t\t\t\t\t<h5 class=\"qodef-st-text\" >\n\t\t\t\tPrivatni trening pone\u0161to se razlikuje od treninga u grupi. Prvenstvena je razlika u tome da smo jedan na jedan. Klijent, trener i jedino jo\u0161 oprema koju koristimo\t\t\t<\/h5>\n\t\t\t<\/div>\n<\/div>[\/vc_column][\/vc_row][vc_row gap=&#8221;5&#8243; row_content_width=&#8221;grid&#8221; enable_grid_lines=&#8221;&#8221; css=&#8221;.vc_custom_1726419305509{margin-bottom: -100px !important;padding-top: 190px !important;padding-bottom: 121px !important;}&#8221;][vc_column width=&#8221;1\/3&#8243; offset=&#8221;vc_col-lg-5&#8243;]<div class=\"qodef-section-title-holder  qodef-tn-position-left qodef-st-disable-title-break\" style=\"text-align: left\">\n\t<div class=\"qodef-st-inner\">\n\t\t\t\t\t<h2 class=\"qodef-st-title\" >\n\t\t\t\tPrivatni trening namjenjen<br \/> je ljudima koji:\t\t\t<\/h2>\n\t\t                    <h4 class=\"qodef-st-title-number\" style=\"font-size: 150px\">\n            01            <\/h4>\n        \t\t\t\t\t<h5 class=\"qodef-st-text\" >\n\t\t\t\t- iz zdravstvenih razloga ne mogu trenirati u grupi<br \/>\n- imaju individualno zacrtan cilj ( gubitak potko\u017enog masnog tkiva, bodybuilding, lifting, powerlifting itd...)<br \/>\n- jednostavno \u017eele raditi s trenerom jedan na jedan\t\t\t<\/h5>\n\t\t\t<\/div>\n<\/div>[\/vc_column][vc_column width=&#8221;1\/3&#8243; offset=&#8221;vc_col-lg-5&#8243;][vc_row_inner enable_grid_lines=&#8221;&#8221;][vc_column_inner][vc_column_text]<\/p>\n<p>&nbsp;<\/p>\n<p>&nbsp;<\/p>\n<p>[\/vc_column_text][\/vc_column_inner][\/vc_row_inner]<div class=\"qodef-section-title-holder  qodef-tn-position-left qodef-st-disable-title-break\" style=\"text-align: left\">\n\t<div class=\"qodef-st-inner\">\n\t\t\t\t\t<h2 class=\"qodef-st-title\" >\n\t\t\t\tulazimo dublje u<br \/> svakodnevne navike klijenta\t\t\t<\/h2>\n\t\t                    <h4 class=\"qodef-st-title-number\" style=\"font-size: 150px\">\n            02            <\/h4>\n        \t\t\t\t\t<h5 class=\"qodef-st-text\" >\n\t\t\t\tOd samog treninga, koji je u ovom sistemu obra\u010dunat, procesan, odnosno ima svoj striktan plan i program do prehrane, spavanja, op\u0107enitog kretanja, radnog vremena, \u017eivotnog stila itd...Sve uzimamo u obzir i prema tome sla\u017eemo na\u0161 koncept.<br \/>\nPrivatni trening ima puno prednosti i definitivno je odli\u010dan na\u010din za \u201edovesti se u formu\u201c, no zaista nije nu\u017eno sredstvo. Grupni treninzi su tako\u0111er iznimno dobar na\u010din tjelovje\u017ebe te je stoga isklju\u010divo osoban odabir koje od tog dvoje odabrati uzev\u0161i sve parametre u obzir.\t\t\t<\/h5>\n\t\t\t<\/div>\n<\/div>[\/vc_column][\/vc_row][vc_row row_content_width=&#8221;grid&#8221; enable_grid_lines=&#8221;&#8221; css=&#8221;.vc_custom_1520421201485{padding-top: 68px !important;}&#8221;][vc_column offset=&#8221;vc_col-lg-offset-3 vc_col-lg-6&#8243;]<div class=\"qodef-section-title-holder   \" >\n\t<div class=\"qodef-st-inner\">\n\t\t\t\t\t<h2 class=\"qodef-st-title\" >\n\t\t\t\tCIJENE\t\t\t<\/h2>\n\t\t                    <h4 class=\"qodef-st-title-number\" style=\"font-size: 150px\">\n            03            <\/h4>\n        \t\t\t\t\t<h5 class=\"qodef-st-text\" style=\"line-height: 45px\">\n\t\t\t\tCijena privatnog treninga iznosi 40 \u20ac po satu.<br \/>\n\t\t\t<\/h5>\n\t\t\t<\/div>\n<\/div>[\/vc_column][\/vc_row]<\/p>\n<\/div>","protected":false},"excerpt":{"rendered":"<p>[vc_row row_content_width=&#8221;grid&#8221; enable_grid_lines=&#8221;&#8221;][vc_column offset=&#8221;vc_col-lg-offset-2 vc_col-lg-8&#8243; css=&#8221;.vc_custom_1726385935915{margin-bottom: -60px !important;}&#8221;][\/vc_column][\/vc_row][vc_row gap=&#8221;5&#8243; row_content_width=&#8221;grid&#8221; enable_grid_lines=&#8221;&#8221; css=&#8221;.vc_custom_1726419305509{margin-bottom: -100px !important;padding-top: 190px !important;padding-bottom: 121px !important;}&#8221;][vc_column width=&#8221;1\/3&#8243; offset=&#8221;vc_col-lg-5&#8243;][\/vc_column][vc_column width=&#8221;1\/3&#8243; offset=&#8221;vc_col-lg-5&#8243;][vc_row_inner enable_grid_lines=&#8221;&#8221;][vc_column_inner][vc_column_text] &nbsp; &nbsp; [\/vc_column_text][\/vc_column_inner][\/vc_row_inner][\/vc_column][\/vc_row][vc_row row_content_width=&#8221;grid&#8221; enable_grid_lines=&#8221;&#8221; css=&#8221;.vc_custom_1520421201485{padding-top: 68px !important;}&#8221;][vc_column offset=&#8221;vc_col-lg-offset-3 vc_col-lg-6&#8243;][\/vc_column][\/vc_row]<\/p>\n","protected":false},"author":1,"featured_media":0,"parent":675,"menu_order":0,"comment_status":"closed","ping_status":"closed","template":"full-width.php","meta":{"footnotes":""},"class_list":["post-2419","page","type-page","status-publish","hentry"],"_links":{"self":[{"href":"https:\/\/fitphysique.hr\/index.php\/wp-json\/wp\/v2\/pages\/2419","targetHints":{"allow":["GET"]}}],"collection":[{"href":"https:\/\/fitphysique.hr\/index.php\/wp-json\/wp\/v2\/pages"}],"about":[{"href":"https:\/\/fitphysique.hr\/index.php\/wp-json\/wp\/v2\/types\/page"}],"author":[{"embeddable":true,"href":"https:\/\/fitphysique.hr\/index.php\/wp-json\/wp\/v2\/users\/1"}],"replies":[{"embeddable":true,"href":"https:\/\/fitphysique.hr\/index.php\/wp-json\/wp\/v2\/comments?post=2419"}],"version-history":[{"count":24,"href":"https:\/\/fitphysique.hr\/index.php\/wp-json\/wp\/v2\/pages\/2419\/revisions"}],"predecessor-version":[{"id":4449,"href":"https:\/\/fitphysique.hr\/index.php\/wp-json\/wp\/v2\/pages\/2419\/revisions\/4449"}],"up":[{"embeddable":true,"href":"https:\/\/fitphysique.hr\/index.php\/wp-json\/wp\/v2\/pages\/675"}],"wp:attachment":[{"href":"https:\/\/fitphysique.hr\/index.php\/wp-json\/wp\/v2\/media?parent=2419"}],"curies":[{"name":"wp","href":"https:\/\/api.w.org\/{rel}","templated":true}]}}