{"id":1656,"date":"2018-03-01T09:27:04","date_gmt":"2018-03-01T09:27:04","guid":{"rendered":"https:\/\/prowess.qodeinteractive.com\/?page_id=1656"},"modified":"2024-07-30T14:49:00","modified_gmt":"2024-07-30T14:49:00","slug":"bmi-calculator","status":"publish","type":"page","link":"https:\/\/fitphysique.hr\/index.php\/bmi-calculator\/","title":{"rendered":"BMI kalkulator"},"content":{"rendered":"<div class=\"wpb-content-wrapper\"><p>[vc_row row_content_width=&#8221;grid&#8221; enable_grid_lines=&#8221;&#8221; css=&#8221;.vc_custom_1521051744463{padding-top: 123px !important;padding-bottom: 100px !important;}&#8221; simple_background_color=&#8221;#f8f7f8&#8243;][vc_column][vc_column_text]BMI <strong>(indeks tjelesne mase)\u00a0<\/strong>je statisti\u010dki pokazatelj tjelesne te\u017eine u odnosu na visinu. Koristimo ga kako bismo saznali koja bi bila idealna te\u017eina za na\u0161u visinu.[\/vc_column_text][\/vc_column][\/vc_row]<\/p>\n<\/div>","protected":false},"excerpt":{"rendered":"<p>[vc_row row_content_width=&#8221;grid&#8221; enable_grid_lines=&#8221;&#8221; css=&#8221;.vc_custom_1521051744463{padding-top: 123px !important;padding-bottom: 100px !important;}&#8221; simple_background_color=&#8221;#f8f7f8&#8243;][vc_column][vc_column_text]BMI (indeks tjelesne mase)\u00a0je statisti\u010dki pokazatelj tjelesne te\u017eine u odnosu na visinu. Koristimo ga kako bismo saznali koja bi bila idealna te\u017eina za na\u0161u visinu.[\/vc_column_text][\/vc_column][\/vc_row]<\/p>\n","protected":false},"author":1,"featured_media":0,"parent":0,"menu_order":0,"comment_status":"closed","ping_status":"closed","template":"full-width.php","meta":{"footnotes":""},"class_list":["post-1656","page","type-page","status-publish","hentry"],"_links":{"self":[{"href":"https:\/\/fitphysique.hr\/index.php\/wp-json\/wp\/v2\/pages\/1656","targetHints":{"allow":["GET"]}}],"collection":[{"href":"https:\/\/fitphysique.hr\/index.php\/wp-json\/wp\/v2\/pages"}],"about":[{"href":"https:\/\/fitphysique.hr\/index.php\/wp-json\/wp\/v2\/types\/page"}],"author":[{"embeddable":true,"href":"https:\/\/fitphysique.hr\/index.php\/wp-json\/wp\/v2\/users\/1"}],"replies":[{"embeddable":true,"href":"https:\/\/fitphysique.hr\/index.php\/wp-json\/wp\/v2\/comments?post=1656"}],"version-history":[{"count":3,"href":"https:\/\/fitphysique.hr\/index.php\/wp-json\/wp\/v2\/pages\/1656\/revisions"}],"predecessor-version":[{"id":3701,"href":"https:\/\/fitphysique.hr\/index.php\/wp-json\/wp\/v2\/pages\/1656\/revisions\/3701"}],"wp:attachment":[{"href":"https:\/\/fitphysique.hr\/index.php\/wp-json\/wp\/v2\/media?parent=1656"}],"curies":[{"name":"wp","href":"https:\/\/api.w.org\/{rel}","templated":true}]}}